{"id":11466,"date":"2025-05-01T20:09:05","date_gmt":"2025-05-01T23:09:05","guid":{"rendered":"https:\/\/www.applausonissan.com.br\/botucatu\/?page_id=11466"},"modified":"2026-03-27T16:23:38","modified_gmt":"2026-03-27T19:23:38","slug":"garanta-seu-brinde","status":"publish","type":"page","link":"https:\/\/www.applausonissan.com.br\/botucatu\/garanta-seu-brinde\/","title":{"rendered":"Garanta seu brinde"},"content":{"rendered":"\t\t<div data-elementor-type=\"wp-page\" data-elementor-id=\"11466\" class=\"elementor elementor-11466\" data-elementor-post-type=\"page\">\n\t\t\t\t<section class=\"elementor-element elementor-element-38ee6c6 e-ecs-flex e-flex e-con-boxed e-con e-parent\" data-id=\"38ee6c6\" data-element_type=\"container\" data-e-type=\"container\" data-settings=\"{&quot;ecs_container_type&quot;:&quot;flex&quot;}\">\n\t\t\t\t\t<div class=\"e-con-inner\">\n\t\t\t\t<div class=\"elementor-element elementor-element-078d83d elementor-widget elementor-widget-heading\" data-id=\"078d83d\" data-element_type=\"widget\" data-e-type=\"widget\" data-widget_type=\"heading.default\">\n\t\t\t\t\t<h1 class=\"elementor-heading-title elementor-size-default\">Voc\u00ea encontrou uma chave\u2026 e isso n\u00e3o foi por acaso.\n<\/h1>\t\t\t\t<\/div>\n\t\t\t\t<div class=\"elementor-element elementor-element-34ceca9 elementor-widget elementor-widget-heading\" data-id=\"34ceca9\" data-element_type=\"widget\" data-e-type=\"widget\" data-widget_type=\"heading.default\">\n\t\t\t\t\t<h2 class=\"elementor-heading-title elementor-size-default\">Seu brinde j\u00e1 est\u00e1 garantido \ud83c\udf81\nAgora falta s\u00f3 um passo para desbloquear pr\u00eamios maiores.<\/h2>\t\t\t\t<\/div>\n\t\t\t\t<div class=\"elementor-element elementor-element-b2c43f1 elementor-widget elementor-widget-text-editor\" data-id=\"b2c43f1\" data-element_type=\"widget\" data-e-type=\"widget\" data-widget_type=\"text-editor.default\">\n\t\t\t\t\t\t\t\t\t<p>\ud83d\udd11 Essa chave \u00e9 o seu acesso exclusivo \u00e0 campanha da Nissan Appl\u00e0uso Botucatu.<\/p><p>Ao escanear, voc\u00ea j\u00e1 garantiu um brinde especial.<\/p><p>Mas tem mais\u2026<\/p><p>\u00a0<\/p><p>Vindo at\u00e9 a loja e realizando um test drive, voc\u00ea pode ganhar:<\/p><p>\ud83c\udf81 Tanque cheio<br \/>\ud83c\udfa7 Fone Bluetooth<br \/>\ud83d\udebf Lavagem completa<br \/>\ud83c\udf89 E outros brindes exclusivos<\/p>\t\t\t\t\t\t\t\t<\/div>\n\t\t\t\t<div class=\"elementor-element elementor-element-4a5dac4 elementor-widget elementor-widget-text-editor\" data-id=\"4a5dac4\" data-element_type=\"widget\" data-e-type=\"widget\" data-widget_type=\"text-editor.default\">\n\t\t\t\t\t\t\t\t\t<p><strong>Para garantir seu brinde, preencha seus dados abaixo:<\/strong><\/p>\t\t\t\t\t\t\t\t<\/div>\n\t\t\t\t<div class=\"elementor-element elementor-element-b8622f2 elementor-button-align-stretch elementor-widget elementor-widget-form\" data-id=\"b8622f2\" data-element_type=\"widget\" data-e-type=\"widget\" data-settings=\"{&quot;step_next_label&quot;:&quot;Pr\\u00f3ximo&quot;,&quot;step_previous_label&quot;:&quot;Anterior&quot;,&quot;button_width&quot;:&quot;100&quot;,&quot;step_type&quot;:&quot;number_text&quot;,&quot;step_icon_shape&quot;:&quot;circle&quot;}\" data-widget_type=\"form.default\">\n\t\t\t\t\t\t\t<form class=\"elementor-form\" method=\"post\" id=\"inaugucaoBotucatu\" name=\"Garanta Seu Brinde na Inaugura\u00e7\u00e3o da Nissan Appl\u00e0uso Botucatu!\" aria-label=\"Garanta Seu Brinde na Inaugura\u00e7\u00e3o da Nissan Appl\u00e0uso Botucatu!\">\n\t\t\t<input type=\"hidden\" name=\"post_id\" value=\"11466\"\/>\n\t\t\t<input type=\"hidden\" name=\"form_id\" value=\"b8622f2\"\/>\n\t\t\t<input type=\"hidden\" name=\"referer_title\" value=\"Appl\u00e0uso Nissan Botucatu\" \/>\n\n\t\t\t\n\t\t\t<div class=\"elementor-form-fields-wrapper elementor-labels-above\">\n\t\t\t\t\t\t\t\t<div class=\"elementor-field-type-text elementor-field-group elementor-column elementor-field-group-nome elementor-col-100\">\n\t\t\t\t\t\t\t\t\t\t\t\t<label for=\"form-field-nome\" class=\"elementor-field-label\">\n\t\t\t\t\t\t\t\tNome\t\t\t\t\t\t\t<\/label>\n\t\t\t\t\t\t\t\t\t\t\t\t\t\t<input size=\"1\" type=\"text\" name=\"form_fields[nome]\" id=\"form-field-nome\" class=\"elementor-field elementor-size-sm  elementor-field-textual\" placeholder=\"Nome\">\n\t\t\t\t\t\t\t\t\t\t\t<\/div>\n\t\t\t\t\t\t\t\t<div class=\"elementor-field-type-tel elementor-field-group elementor-column elementor-field-group-telefone elementor-col-100 elementor-field-required\">\n\t\t\t\t\t\t\t\t\t\t\t\t<label for=\"form-field-telefone\" class=\"elementor-field-label\">\n\t\t\t\t\t\t\t\tTelefone\t\t\t\t\t\t\t<\/label>\n\t\t\t\t\t\t\t\t<input size=\"1\" type=\"tel\" name=\"form_fields[telefone]\" id=\"form-field-telefone\" class=\"elementor-field elementor-size-sm  elementor-field-textual\" placeholder=\"(99) 99999-9999\" required=\"required\" pattern=\"[0-9()#&amp;+*-=.]+\" title=\"Apenas n\u00fameros e caracteres de telefone (#, -, *, etc.) s\u00e3o aceitos.\">\n\n\t\t\t\t\t\t<\/div>\n\t\t\t\t\t\t\t\t<div class=\"elementor-field-group elementor-column elementor-field-type-submit elementor-col-100 e-form__buttons\">\n\t\t\t\t\t<button class=\"elementor-button elementor-size-sm\" type=\"submit\">\n\t\t\t\t\t\t<span class=\"elementor-button-content-wrapper\">\n\t\t\t\t\t\t\t\t\t\t\t\t\t\t\t\t\t\t\t\t\t\t<span class=\"elementor-button-text\">\ud83d\udccd Quero Participar e Garantir Meu Brinde<\/span>\n\t\t\t\t\t\t\t\t\t\t\t\t\t<\/span>\n\t\t\t\t\t<\/button>\n\t\t\t\t<\/div>\n\t\t\t<\/div>\n\t\t<\/form>\n\t\t\t\t\t\t<\/div>\n\t\t\t\t<div class=\"elementor-element elementor-element-5882460 elementor-widget elementor-widget-text-editor\" data-id=\"5882460\" data-element_type=\"widget\" data-e-type=\"widget\" data-widget_type=\"text-editor.default\">\n\t\t\t\t\t\t\t\t\t<p>Ap\u00f3s o preenchimento:<\/p><p>\u2705 Pronto! Seu brinde j\u00e1 est\u00e1 reservado<\/p><p>Agora v\u00e1 at\u00e9 a Nissan Appl\u00e0uso Botucatu, apresente sua chave e fa\u00e7a um test drive para concorrer aos pr\u00eamios maiores.<\/p><p>\u00a0<\/p><p>\u26a0\ufe0f Aten\u00e7\u00e3o: os brindes s\u00e3o limitados e v\u00e1lidos apenas durante a campanha.<\/p><p>\u00a0<\/p><p>\ud83d\udccd Nissan Appl\u00e0uso Botucatu<br \/>Av. Deputado Dante Delmanto, 1510 \u2013 Vila Paulista<\/p><p>\u00a0<\/p><p>Esperamos voc\u00ea para viver essa experi\u00eancia \ud83d\ude97\u2728<\/p>\t\t\t\t\t\t\t\t<\/div>\n\t\t\t\t\t<\/div>\n\t\t\t\t<\/section>\n\t\t\t\t<\/div>\n\t\t","protected":false},"excerpt":{"rendered":"<p>Voc\u00ea encontrou uma chave\u2026 e isso n\u00e3o foi por acaso. Seu brinde j\u00e1 est\u00e1 garantido \ud83c\udf81 Agora falta s\u00f3 um passo para desbloquear pr\u00eamios maiores. \ud83d\udd11 Essa chave \u00e9 o seu acesso exclusivo \u00e0 campanha da Nissan Appl\u00e0uso Botucatu. Ao escanear, voc\u00ea j\u00e1 garantiu um brinde especial. Mas tem mais\u2026 \u00a0 Vindo at\u00e9 a loja <a href=\"https:\/\/www.applausonissan.com.br\/botucatu\/garanta-seu-brinde\/\" class=\"more-link\">&#8230;<span class=\"screen-reader-text\">  Garanta seu brinde<\/span><\/a><\/p>\n","protected":false},"author":4,"featured_media":11476,"parent":0,"menu_order":0,"comment_status":"closed","ping_status":"closed","template":"elementor_header_footer","meta":{"_acf_changed":false,"footnotes":""},"class_list":["post-11466","page","type-page","status-publish","has-post-thumbnail","hentry"],"acf":[],"yoast_head":"<!-- This site is optimized with the Yoast SEO plugin v27.5 - https:\/\/yoast.com\/product\/yoast-seo-wordpress\/ -->\n<title>Garanta Seu Brinde na Inaugura\u00e7\u00e3o da Nissan Appl\u00e0uso Botucatu!<\/title>\n<meta name=\"description\" content=\"Participe da inaugura\u00e7\u00e3o da Nissan Appl\u00e0uso Botucatu! Poste uma foto, marque @applausonissan, use #ApplausoBotucatu e garanta seu brinde exclusivo na loja.\" \/>\n<meta name=\"robots\" content=\"index, follow, max-snippet:-1, max-image-preview:large, max-video-preview:-1\" \/>\n<link rel=\"canonical\" href=\"https:\/\/www.applausonissan.com.br\/botucatu\/garanta-seu-brinde\/\" \/>\n<meta property=\"og:locale\" content=\"pt_BR\" \/>\n<meta property=\"og:type\" content=\"article\" \/>\n<meta property=\"og:title\" content=\"Garanta Seu Brinde na Inaugura\u00e7\u00e3o da Nissan Appl\u00e0uso Botucatu!\" \/>\n<meta property=\"og:description\" content=\"Participe da inaugura\u00e7\u00e3o da Nissan Appl\u00e0uso Botucatu! Poste uma foto, marque @applausonissan, use #ApplausoBotucatu e garanta seu brinde exclusivo na loja.\" \/>\n<meta property=\"og:url\" content=\"https:\/\/www.applausonissan.com.br\/botucatu\/garanta-seu-brinde\/\" \/>\n<meta property=\"og:site_name\" content=\"Appl\u00e0uso Nissan Botucatu\" \/>\n<meta property=\"article:modified_time\" content=\"2026-03-27T19:23:38+00:00\" \/>\n<meta property=\"og:image\" content=\"https:\/\/www.applausonissan.com.br\/botucatu\/wp-content\/uploads\/sites\/8\/2025\/05\/Promocao-de-Inauguracao-da-Nissan-Botucatu.png\" \/>\n\t<meta property=\"og:image:width\" content=\"1024\" \/>\n\t<meta property=\"og:image:height\" content=\"1536\" \/>\n\t<meta property=\"og:image:type\" content=\"image\/png\" \/>\n<meta name=\"twitter:card\" content=\"summary_large_image\" \/>\n<meta name=\"twitter:label1\" content=\"Est. tempo de leitura\" \/>\n\t<meta name=\"twitter:data1\" content=\"4 minutos\" \/>\n<script type=\"application\/ld+json\" class=\"yoast-schema-graph\">{\"@context\":\"https:\\\/\\\/schema.org\",\"@graph\":[{\"@type\":\"WebPage\",\"@id\":\"https:\\\/\\\/www.applausonissan.com.br\\\/botucatu\\\/garanta-seu-brinde\\\/\",\"url\":\"https:\\\/\\\/www.applausonissan.com.br\\\/botucatu\\\/garanta-seu-brinde\\\/\",\"name\":\"Garanta Seu Brinde na Inaugura\u00e7\u00e3o da Nissan Appl\u00e0uso Botucatu!\",\"isPartOf\":{\"@id\":\"https:\\\/\\\/www.applausonissan.com.br\\\/botucatu\\\/#website\"},\"primaryImageOfPage\":{\"@id\":\"https:\\\/\\\/www.applausonissan.com.br\\\/botucatu\\\/garanta-seu-brinde\\\/#primaryimage\"},\"image\":{\"@id\":\"https:\\\/\\\/www.applausonissan.com.br\\\/botucatu\\\/garanta-seu-brinde\\\/#primaryimage\"},\"thumbnailUrl\":\"https:\\\/\\\/www.applausonissan.com.br\\\/botucatu\\\/wp-content\\\/uploads\\\/sites\\\/8\\\/2025\\\/05\\\/Promocao-de-Inauguracao-da-Nissan-Botucatu.png\",\"datePublished\":\"2025-05-01T23:09:05+00:00\",\"dateModified\":\"2026-03-27T19:23:38+00:00\",\"description\":\"Participe da inaugura\u00e7\u00e3o da Nissan Appl\u00e0uso Botucatu! Poste uma foto, marque @applausonissan, use #ApplausoBotucatu e garanta seu brinde exclusivo na loja.\",\"breadcrumb\":{\"@id\":\"https:\\\/\\\/www.applausonissan.com.br\\\/botucatu\\\/garanta-seu-brinde\\\/#breadcrumb\"},\"inLanguage\":\"pt-BR\",\"potentialAction\":[{\"@type\":\"ReadAction\",\"target\":[\"https:\\\/\\\/www.applausonissan.com.br\\\/botucatu\\\/garanta-seu-brinde\\\/\"]}]},{\"@type\":\"ImageObject\",\"inLanguage\":\"pt-BR\",\"@id\":\"https:\\\/\\\/www.applausonissan.com.br\\\/botucatu\\\/garanta-seu-brinde\\\/#primaryimage\",\"url\":\"https:\\\/\\\/www.applausonissan.com.br\\\/botucatu\\\/wp-content\\\/uploads\\\/sites\\\/8\\\/2025\\\/05\\\/Promocao-de-Inauguracao-da-Nissan-Botucatu.png\",\"contentUrl\":\"https:\\\/\\\/www.applausonissan.com.br\\\/botucatu\\\/wp-content\\\/uploads\\\/sites\\\/8\\\/2025\\\/05\\\/Promocao-de-Inauguracao-da-Nissan-Botucatu.png\",\"width\":1024,\"height\":1536,\"caption\":\"Promo\u00e7\u00e3o de Inaugura\u00e7\u00e3o da Nissan Botucatu\"},{\"@type\":\"BreadcrumbList\",\"@id\":\"https:\\\/\\\/www.applausonissan.com.br\\\/botucatu\\\/garanta-seu-brinde\\\/#breadcrumb\",\"itemListElement\":[{\"@type\":\"ListItem\",\"position\":1,\"name\":\"In\u00edcio\",\"item\":\"https:\\\/\\\/www.applausonissan.com.br\\\/botucatu\\\/\"},{\"@type\":\"ListItem\",\"position\":2,\"name\":\"Garanta seu brinde\"}]},{\"@type\":\"WebSite\",\"@id\":\"https:\\\/\\\/www.applausonissan.com.br\\\/botucatu\\\/#website\",\"url\":\"https:\\\/\\\/www.applausonissan.com.br\\\/botucatu\\\/\",\"name\":\"Appl\u00e0uso Nissan Botucatu\",\"description\":\"\",\"potentialAction\":[{\"@type\":\"SearchAction\",\"target\":{\"@type\":\"EntryPoint\",\"urlTemplate\":\"https:\\\/\\\/www.applausonissan.com.br\\\/botucatu\\\/?s={search_term_string}\"},\"query-input\":{\"@type\":\"PropertyValueSpecification\",\"valueRequired\":true,\"valueName\":\"search_term_string\"}}],\"inLanguage\":\"pt-BR\"}]}<\/script>\n<!-- \/ Yoast SEO plugin. -->","yoast_head_json":{"title":"Garanta Seu Brinde na Inaugura\u00e7\u00e3o da Nissan Appl\u00e0uso Botucatu!","description":"Participe da inaugura\u00e7\u00e3o da Nissan Appl\u00e0uso Botucatu! Poste uma foto, marque @applausonissan, use #ApplausoBotucatu e garanta seu brinde exclusivo na loja.","robots":{"index":"index","follow":"follow","max-snippet":"max-snippet:-1","max-image-preview":"max-image-preview:large","max-video-preview":"max-video-preview:-1"},"canonical":"https:\/\/www.applausonissan.com.br\/botucatu\/garanta-seu-brinde\/","og_locale":"pt_BR","og_type":"article","og_title":"Garanta Seu Brinde na Inaugura\u00e7\u00e3o da Nissan Appl\u00e0uso Botucatu!","og_description":"Participe da inaugura\u00e7\u00e3o da Nissan Appl\u00e0uso Botucatu! Poste uma foto, marque @applausonissan, use #ApplausoBotucatu e garanta seu brinde exclusivo na loja.","og_url":"https:\/\/www.applausonissan.com.br\/botucatu\/garanta-seu-brinde\/","og_site_name":"Appl\u00e0uso Nissan Botucatu","article_modified_time":"2026-03-27T19:23:38+00:00","og_image":[{"width":1024,"height":1536,"url":"https:\/\/www.applausonissan.com.br\/botucatu\/wp-content\/uploads\/sites\/8\/2025\/05\/Promocao-de-Inauguracao-da-Nissan-Botucatu.png","type":"image\/png"}],"twitter_card":"summary_large_image","twitter_misc":{"Est. tempo de leitura":"4 minutos"},"schema":{"@context":"https:\/\/schema.org","@graph":[{"@type":"WebPage","@id":"https:\/\/www.applausonissan.com.br\/botucatu\/garanta-seu-brinde\/","url":"https:\/\/www.applausonissan.com.br\/botucatu\/garanta-seu-brinde\/","name":"Garanta Seu Brinde na Inaugura\u00e7\u00e3o da Nissan Appl\u00e0uso Botucatu!","isPartOf":{"@id":"https:\/\/www.applausonissan.com.br\/botucatu\/#website"},"primaryImageOfPage":{"@id":"https:\/\/www.applausonissan.com.br\/botucatu\/garanta-seu-brinde\/#primaryimage"},"image":{"@id":"https:\/\/www.applausonissan.com.br\/botucatu\/garanta-seu-brinde\/#primaryimage"},"thumbnailUrl":"https:\/\/www.applausonissan.com.br\/botucatu\/wp-content\/uploads\/sites\/8\/2025\/05\/Promocao-de-Inauguracao-da-Nissan-Botucatu.png","datePublished":"2025-05-01T23:09:05+00:00","dateModified":"2026-03-27T19:23:38+00:00","description":"Participe da inaugura\u00e7\u00e3o da Nissan Appl\u00e0uso Botucatu! Poste uma foto, marque @applausonissan, use #ApplausoBotucatu e garanta seu brinde exclusivo na loja.","breadcrumb":{"@id":"https:\/\/www.applausonissan.com.br\/botucatu\/garanta-seu-brinde\/#breadcrumb"},"inLanguage":"pt-BR","potentialAction":[{"@type":"ReadAction","target":["https:\/\/www.applausonissan.com.br\/botucatu\/garanta-seu-brinde\/"]}]},{"@type":"ImageObject","inLanguage":"pt-BR","@id":"https:\/\/www.applausonissan.com.br\/botucatu\/garanta-seu-brinde\/#primaryimage","url":"https:\/\/www.applausonissan.com.br\/botucatu\/wp-content\/uploads\/sites\/8\/2025\/05\/Promocao-de-Inauguracao-da-Nissan-Botucatu.png","contentUrl":"https:\/\/www.applausonissan.com.br\/botucatu\/wp-content\/uploads\/sites\/8\/2025\/05\/Promocao-de-Inauguracao-da-Nissan-Botucatu.png","width":1024,"height":1536,"caption":"Promo\u00e7\u00e3o de Inaugura\u00e7\u00e3o da Nissan Botucatu"},{"@type":"BreadcrumbList","@id":"https:\/\/www.applausonissan.com.br\/botucatu\/garanta-seu-brinde\/#breadcrumb","itemListElement":[{"@type":"ListItem","position":1,"name":"In\u00edcio","item":"https:\/\/www.applausonissan.com.br\/botucatu\/"},{"@type":"ListItem","position":2,"name":"Garanta seu brinde"}]},{"@type":"WebSite","@id":"https:\/\/www.applausonissan.com.br\/botucatu\/#website","url":"https:\/\/www.applausonissan.com.br\/botucatu\/","name":"Appl\u00e0uso Nissan Botucatu","description":"","potentialAction":[{"@type":"SearchAction","target":{"@type":"EntryPoint","urlTemplate":"https:\/\/www.applausonissan.com.br\/botucatu\/?s={search_term_string}"},"query-input":{"@type":"PropertyValueSpecification","valueRequired":true,"valueName":"search_term_string"}}],"inLanguage":"pt-BR"}]}},"_links":{"self":[{"href":"https:\/\/www.applausonissan.com.br\/botucatu\/wp-json\/wp\/v2\/pages\/11466","targetHints":{"allow":["GET"]}}],"collection":[{"href":"https:\/\/www.applausonissan.com.br\/botucatu\/wp-json\/wp\/v2\/pages"}],"about":[{"href":"https:\/\/www.applausonissan.com.br\/botucatu\/wp-json\/wp\/v2\/types\/page"}],"author":[{"embeddable":true,"href":"https:\/\/www.applausonissan.com.br\/botucatu\/wp-json\/wp\/v2\/users\/4"}],"replies":[{"embeddable":true,"href":"https:\/\/www.applausonissan.com.br\/botucatu\/wp-json\/wp\/v2\/comments?post=11466"}],"version-history":[{"count":48,"href":"https:\/\/www.applausonissan.com.br\/botucatu\/wp-json\/wp\/v2\/pages\/11466\/revisions"}],"predecessor-version":[{"id":11735,"href":"https:\/\/www.applausonissan.com.br\/botucatu\/wp-json\/wp\/v2\/pages\/11466\/revisions\/11735"}],"wp:featuredmedia":[{"embeddable":true,"href":"https:\/\/www.applausonissan.com.br\/botucatu\/wp-json\/wp\/v2\/media\/11476"}],"wp:attachment":[{"href":"https:\/\/www.applausonissan.com.br\/botucatu\/wp-json\/wp\/v2\/media?parent=11466"}],"curies":[{"name":"wp","href":"https:\/\/api.w.org\/{rel}","templated":true}]}}